{"id":1259,"date":"2021-02-09T16:53:47","date_gmt":"2021-02-09T16:53:47","guid":{"rendered":"https:\/\/erikjvanbercum.firmaproductie.nl\/biographie\/"},"modified":"2023-03-10T08:41:53","modified_gmt":"2023-03-10T08:41:53","slug":"biographie","status":"publish","type":"page","link":"https:\/\/erikjvanbercum.com\/fr\/biographie\/","title":{"rendered":"Biographie"},"content":{"rendered":"\t\t<div data-elementor-type=\"wp-page\" data-elementor-id=\"1259\" class=\"elementor elementor-1259 elementor-1094\" data-elementor-post-type=\"page\">\n\t\t\t\t\t\t<section class=\"elementor-section elementor-top-section elementor-element elementor-element-b093c38 animated-slow elementor-section-boxed elementor-section-height-default elementor-section-height-default elementor-invisible\" data-id=\"b093c38\" data-element_type=\"section\" data-e-type=\"section\" data-settings=\"{&quot;animation&quot;:&quot;fadeIn&quot;}\">\n\t\t\t\t\t\t<div class=\"elementor-container elementor-column-gap-wider\">\n\t\t\t\t\t<div class=\"elementor-column elementor-col-50 elementor-top-column elementor-element elementor-element-ba539d7\" data-id=\"ba539d7\" data-element_type=\"column\" data-e-type=\"column\">\n\t\t\t<div class=\"elementor-widget-wrap elementor-element-populated\">\n\t\t\t\t\t\t<div class=\"elementor-element elementor-element-1a7d8a5 elementor-widget elementor-widget-text-editor\" data-id=\"1a7d8a5\" data-element_type=\"widget\" data-e-type=\"widget\" data-widget_type=\"text-editor.default\">\n\t\t\t\t<div class=\"elementor-widget-container\">\n\t\t\t\t\t\t\t\t\t<h1 class=\"style9\">ERIK J. VAN BERCUM<\/h1>\n<p class=\"style9\"><span class=\"style10\"><span class=\"style11\">(Amsterdam, 1947) j\u2019ai fait mes \u00e9tudes \u00e0 l\u2019Acad\u00e9mie des Beaux-Arts \u00e0 Utrecht (Pays Bas) et obtenu un poste de cr\u00e9ateur de publicit\u00e9.<br \/>\n<\/span><span class=\"style11\">Apres mes \u00e9tudes dans les Sciences Sociales \u00e0 l\u2019Universit\u00e9 d\u2019Amsterdam, je deviens psycho-th\u00e9rapeute. Ensuite, je travaille comme management-entraineur et conseiller, manager de formation dans differentes entreprises, et finalement comme directeur d\u2019un bureau de conseil et formation.<br \/>\n<\/span><span class=\"style11\">Tous les cinq ou six ans, je change de m\u00e9tier, cherchant un nouveau d\u00e9fi.<\/span><\/span><\/p>\n<p>Dans mes moments libres, je continue \u00e0 peindre et dessiner \u00e0 la \u2018Gooische\u2019 Acad\u00e9mie des Beaux-Arts. <span class=\"style10\"><span class=\"style11\">Mes th\u00e8mes pr\u00e9f\u00e9res sont les portraits et les nus d\u2019apr\u00e8s mod\u00e8les vivants; mais je m\u2019int\u00e9resse aussi aux vues urbaines.<\/span><\/span><\/p>\n<p>En 2003, apr\u00e8s avoir vendu notre maison, mon \u00e9poux Helwart et moi. partons sur notre voilier \u2018Volharding\u2019.<br \/>\nNous naviguons ainsi durant cinq ans sur la M\u00e9diterranee. Vu l\u2019espace restreint sur le bateau, je me sp\u00e9cialise dans l\u2019aquarelle et je d\u00e9veloppe ma technique et mon style.<\/p>\n<p><span class=\"style11\">Depuis 2008 nous habitons en France (la Dordogne) et jouons d&rsquo;un atelier.\u00a0<\/span><\/p>\n\t\t\t\t\t\t\t\t<\/div>\n\t\t\t\t<\/div>\n\t\t\t\t\t<\/div>\n\t\t<\/div>\n\t\t\t\t<div class=\"elementor-column elementor-col-50 elementor-top-column elementor-element elementor-element-8b71930\" data-id=\"8b71930\" data-element_type=\"column\" data-e-type=\"column\">\n\t\t\t<div class=\"elementor-widget-wrap elementor-element-populated\">\n\t\t\t\t\t\t<div class=\"elementor-element elementor-element-abf12a8 elementor-widget elementor-widget-image\" data-id=\"abf12a8\" data-element_type=\"widget\" data-e-type=\"widget\" data-widget_type=\"image.default\">\n\t\t\t\t<div class=\"elementor-widget-container\">\n\t\t\t\t\t\t\t\t\t\t\t\t\t\t\t<img fetchpriority=\"high\" decoding=\"async\" width=\"800\" height=\"800\" src=\"https:\/\/erikjvanbercum.com\/wp-content\/uploads\/fotoerik.jpg\" class=\"attachment-large size-large wp-image-1099\" alt=\"\" srcset=\"https:\/\/erikjvanbercum.com\/wp-content\/uploads\/fotoerik.jpg 800w, https:\/\/erikjvanbercum.com\/wp-content\/uploads\/fotoerik-300x300.jpg 300w, https:\/\/erikjvanbercum.com\/wp-content\/uploads\/fotoerik-150x150.jpg 150w, https:\/\/erikjvanbercum.com\/wp-content\/uploads\/fotoerik-768x768.jpg 768w\" sizes=\"(max-width: 800px) 100vw, 800px\" \/>\t\t\t\t\t\t\t\t\t\t\t\t\t\t\t<\/div>\n\t\t\t\t<\/div>\n\t\t\t\t\t<\/div>\n\t\t<\/div>\n\t\t\t\t\t<\/div>\n\t\t<\/section>\n\t\t\t\t<\/div>\n\t\t","protected":false},"excerpt":{"rendered":"<p>ERIK J. VAN BERCUM (Amsterdam, 1947) j\u2019ai fait mes \u00e9tudes \u00e0 l\u2019Acad\u00e9mie des Beaux-Arts \u00e0 Utrecht (Pays Bas) et obtenu un poste de cr\u00e9ateur de publicit\u00e9. Apres mes \u00e9tudes dans les Sciences Sociales \u00e0 l\u2019Universit\u00e9 d\u2019Amsterdam, je deviens psycho-th\u00e9rapeute. Ensuite, je travaille comme management-entraineur et conseiller, manager de formation dans differentes entreprises, et finalement comme [&hellip;]<\/p>\n","protected":false},"author":1,"featured_media":0,"parent":0,"menu_order":0,"comment_status":"closed","ping_status":"closed","template":"","meta":{"_acf_changed":false,"footnotes":""},"class_list":["post-1259","page","type-page","status-publish","hentry"],"acf":[],"yoast_head":"<!-- This site is optimized with the Yoast SEO plugin v27.6 - https:\/\/yoast.com\/product\/yoast-seo-wordpress\/ -->\n<title>Biographie - Erik J van Bercum<\/title>\n<meta name=\"robots\" content=\"index, follow, max-snippet:-1, max-image-preview:large, max-video-preview:-1\" \/>\n<link rel=\"canonical\" href=\"https:\/\/erikjvanbercum.com\/fr\/biographie\/\" \/>\n<meta property=\"og:locale\" content=\"fr_FR\" \/>\n<meta property=\"og:type\" content=\"article\" \/>\n<meta property=\"og:title\" content=\"Biographie - Erik J van Bercum\" \/>\n<meta property=\"og:description\" content=\"ERIK J. VAN BERCUM (Amsterdam, 1947) j\u2019ai fait mes \u00e9tudes \u00e0 l\u2019Acad\u00e9mie des Beaux-Arts \u00e0 Utrecht (Pays Bas) et obtenu un poste de cr\u00e9ateur de publicit\u00e9. Apres mes \u00e9tudes dans les Sciences Sociales \u00e0 l\u2019Universit\u00e9 d\u2019Amsterdam, je deviens psycho-th\u00e9rapeute. Ensuite, je travaille comme management-entraineur et conseiller, manager de formation dans differentes entreprises, et finalement comme [&hellip;]\" \/>\n<meta property=\"og:url\" content=\"https:\/\/erikjvanbercum.com\/fr\/biographie\/\" \/>\n<meta property=\"og:site_name\" content=\"Erik J van Bercum\" \/>\n<meta property=\"article:modified_time\" content=\"2023-03-10T08:41:53+00:00\" \/>\n<meta property=\"og:image\" content=\"https:\/\/erikjvanbercum.com\/wp-content\/uploads\/fotoerik.jpg\" \/>\n<meta name=\"twitter:card\" content=\"summary_large_image\" \/>\n<meta name=\"twitter:label1\" content=\"Dur\u00e9e de lecture estim\u00e9e\" \/>\n\t<meta name=\"twitter:data1\" content=\"1 minute\" \/>\n<script type=\"application\/ld+json\" class=\"yoast-schema-graph\">{\"@context\":\"https:\\\/\\\/schema.org\",\"@graph\":[{\"@type\":\"WebPage\",\"@id\":\"https:\\\/\\\/erikjvanbercum.com\\\/fr\\\/biographie\\\/\",\"url\":\"https:\\\/\\\/erikjvanbercum.com\\\/fr\\\/biographie\\\/\",\"name\":\"Biographie - Erik J van Bercum\",\"isPartOf\":{\"@id\":\"https:\\\/\\\/erikjvanbercum.com\\\/fr\\\/#website\"},\"primaryImageOfPage\":{\"@id\":\"https:\\\/\\\/erikjvanbercum.com\\\/fr\\\/biographie\\\/#primaryimage\"},\"image\":{\"@id\":\"https:\\\/\\\/erikjvanbercum.com\\\/fr\\\/biographie\\\/#primaryimage\"},\"thumbnailUrl\":\"https:\\\/\\\/erikjvanbercum.com\\\/wp-content\\\/uploads\\\/fotoerik.jpg\",\"datePublished\":\"2021-02-09T16:53:47+00:00\",\"dateModified\":\"2023-03-10T08:41:53+00:00\",\"breadcrumb\":{\"@id\":\"https:\\\/\\\/erikjvanbercum.com\\\/fr\\\/biographie\\\/#breadcrumb\"},\"inLanguage\":\"fr-FR\",\"potentialAction\":[{\"@type\":\"ReadAction\",\"target\":[\"https:\\\/\\\/erikjvanbercum.com\\\/fr\\\/biographie\\\/\"]}]},{\"@type\":\"ImageObject\",\"inLanguage\":\"fr-FR\",\"@id\":\"https:\\\/\\\/erikjvanbercum.com\\\/fr\\\/biographie\\\/#primaryimage\",\"url\":\"https:\\\/\\\/erikjvanbercum.com\\\/wp-content\\\/uploads\\\/fotoerik.jpg\",\"contentUrl\":\"https:\\\/\\\/erikjvanbercum.com\\\/wp-content\\\/uploads\\\/fotoerik.jpg\"},{\"@type\":\"BreadcrumbList\",\"@id\":\"https:\\\/\\\/erikjvanbercum.com\\\/fr\\\/biographie\\\/#breadcrumb\",\"itemListElement\":[{\"@type\":\"ListItem\",\"position\":1,\"name\":\"Home\",\"item\":\"https:\\\/\\\/erikjvanbercum.com\\\/fr\\\/\"},{\"@type\":\"ListItem\",\"position\":2,\"name\":\"Biographie\"}]},{\"@type\":\"WebSite\",\"@id\":\"https:\\\/\\\/erikjvanbercum.com\\\/fr\\\/#website\",\"url\":\"https:\\\/\\\/erikjvanbercum.com\\\/fr\\\/\",\"name\":\"Erik J van Bercum\",\"description\":\"schilderijen en aquarellen\",\"potentialAction\":[{\"@type\":\"SearchAction\",\"target\":{\"@type\":\"EntryPoint\",\"urlTemplate\":\"https:\\\/\\\/erikjvanbercum.com\\\/fr\\\/?s={search_term_string}\"},\"query-input\":{\"@type\":\"PropertyValueSpecification\",\"valueRequired\":true,\"valueName\":\"search_term_string\"}}],\"inLanguage\":\"fr-FR\"}]}<\/script>\n<!-- \/ Yoast SEO plugin. -->","yoast_head_json":{"title":"Biographie - Erik J van Bercum","robots":{"index":"index","follow":"follow","max-snippet":"max-snippet:-1","max-image-preview":"max-image-preview:large","max-video-preview":"max-video-preview:-1"},"canonical":"https:\/\/erikjvanbercum.com\/fr\/biographie\/","og_locale":"fr_FR","og_type":"article","og_title":"Biographie - Erik J van Bercum","og_description":"ERIK J. VAN BERCUM (Amsterdam, 1947) j\u2019ai fait mes \u00e9tudes \u00e0 l\u2019Acad\u00e9mie des Beaux-Arts \u00e0 Utrecht (Pays Bas) et obtenu un poste de cr\u00e9ateur de publicit\u00e9. Apres mes \u00e9tudes dans les Sciences Sociales \u00e0 l\u2019Universit\u00e9 d\u2019Amsterdam, je deviens psycho-th\u00e9rapeute. Ensuite, je travaille comme management-entraineur et conseiller, manager de formation dans differentes entreprises, et finalement comme [&hellip;]","og_url":"https:\/\/erikjvanbercum.com\/fr\/biographie\/","og_site_name":"Erik J van Bercum","article_modified_time":"2023-03-10T08:41:53+00:00","og_image":[{"url":"https:\/\/erikjvanbercum.com\/wp-content\/uploads\/fotoerik.jpg","type":"","width":"","height":""}],"twitter_card":"summary_large_image","twitter_misc":{"Dur\u00e9e de lecture estim\u00e9e":"1 minute"},"schema":{"@context":"https:\/\/schema.org","@graph":[{"@type":"WebPage","@id":"https:\/\/erikjvanbercum.com\/fr\/biographie\/","url":"https:\/\/erikjvanbercum.com\/fr\/biographie\/","name":"Biographie - Erik J van Bercum","isPartOf":{"@id":"https:\/\/erikjvanbercum.com\/fr\/#website"},"primaryImageOfPage":{"@id":"https:\/\/erikjvanbercum.com\/fr\/biographie\/#primaryimage"},"image":{"@id":"https:\/\/erikjvanbercum.com\/fr\/biographie\/#primaryimage"},"thumbnailUrl":"https:\/\/erikjvanbercum.com\/wp-content\/uploads\/fotoerik.jpg","datePublished":"2021-02-09T16:53:47+00:00","dateModified":"2023-03-10T08:41:53+00:00","breadcrumb":{"@id":"https:\/\/erikjvanbercum.com\/fr\/biographie\/#breadcrumb"},"inLanguage":"fr-FR","potentialAction":[{"@type":"ReadAction","target":["https:\/\/erikjvanbercum.com\/fr\/biographie\/"]}]},{"@type":"ImageObject","inLanguage":"fr-FR","@id":"https:\/\/erikjvanbercum.com\/fr\/biographie\/#primaryimage","url":"https:\/\/erikjvanbercum.com\/wp-content\/uploads\/fotoerik.jpg","contentUrl":"https:\/\/erikjvanbercum.com\/wp-content\/uploads\/fotoerik.jpg"},{"@type":"BreadcrumbList","@id":"https:\/\/erikjvanbercum.com\/fr\/biographie\/#breadcrumb","itemListElement":[{"@type":"ListItem","position":1,"name":"Home","item":"https:\/\/erikjvanbercum.com\/fr\/"},{"@type":"ListItem","position":2,"name":"Biographie"}]},{"@type":"WebSite","@id":"https:\/\/erikjvanbercum.com\/fr\/#website","url":"https:\/\/erikjvanbercum.com\/fr\/","name":"Erik J van Bercum","description":"schilderijen en aquarellen","potentialAction":[{"@type":"SearchAction","target":{"@type":"EntryPoint","urlTemplate":"https:\/\/erikjvanbercum.com\/fr\/?s={search_term_string}"},"query-input":{"@type":"PropertyValueSpecification","valueRequired":true,"valueName":"search_term_string"}}],"inLanguage":"fr-FR"}]}},"_links":{"self":[{"href":"https:\/\/erikjvanbercum.com\/fr\/wp-json\/wp\/v2\/pages\/1259","targetHints":{"allow":["GET"]}}],"collection":[{"href":"https:\/\/erikjvanbercum.com\/fr\/wp-json\/wp\/v2\/pages"}],"about":[{"href":"https:\/\/erikjvanbercum.com\/fr\/wp-json\/wp\/v2\/types\/page"}],"author":[{"embeddable":true,"href":"https:\/\/erikjvanbercum.com\/fr\/wp-json\/wp\/v2\/users\/1"}],"replies":[{"embeddable":true,"href":"https:\/\/erikjvanbercum.com\/fr\/wp-json\/wp\/v2\/comments?post=1259"}],"version-history":[{"count":3,"href":"https:\/\/erikjvanbercum.com\/fr\/wp-json\/wp\/v2\/pages\/1259\/revisions"}],"predecessor-version":[{"id":1630,"href":"https:\/\/erikjvanbercum.com\/fr\/wp-json\/wp\/v2\/pages\/1259\/revisions\/1630"}],"wp:attachment":[{"href":"https:\/\/erikjvanbercum.com\/fr\/wp-json\/wp\/v2\/media?parent=1259"}],"curies":[{"name":"wp","href":"https:\/\/api.w.org\/{rel}","templated":true}]}}