{"id":1263,"date":"2021-02-09T16:56:27","date_gmt":"2021-02-09T16:56:27","guid":{"rendered":"https:\/\/erikjvanbercum.firmaproductie.nl\/contact\/"},"modified":"2023-03-10T08:48:30","modified_gmt":"2023-03-10T08:48:30","slug":"contact","status":"publish","type":"page","link":"https:\/\/erikjvanbercum.com\/fr\/contact\/","title":{"rendered":"Contact"},"content":{"rendered":"\t\t<div data-elementor-type=\"wp-page\" data-elementor-id=\"1263\" class=\"elementor elementor-1263 elementor-1104\" data-elementor-post-type=\"page\">\n\t\t\t\t\t\t<section class=\"elementor-section elementor-top-section elementor-element elementor-element-3d23447 animated-slow elementor-section-boxed elementor-section-height-default elementor-section-height-default elementor-invisible\" data-id=\"3d23447\" data-element_type=\"section\" data-e-type=\"section\" data-settings=\"{&quot;animation&quot;:&quot;fadeIn&quot;}\">\n\t\t\t\t\t\t<div class=\"elementor-container elementor-column-gap-wider\">\n\t\t\t\t\t<div class=\"elementor-column elementor-col-50 elementor-top-column elementor-element elementor-element-4ee5f32\" data-id=\"4ee5f32\" data-element_type=\"column\" data-e-type=\"column\">\n\t\t\t<div class=\"elementor-widget-wrap elementor-element-populated\">\n\t\t\t\t\t\t<div class=\"elementor-element elementor-element-3469c0e elementor-widget elementor-widget-text-editor\" data-id=\"3469c0e\" data-element_type=\"widget\" data-e-type=\"widget\" data-widget_type=\"text-editor.default\">\n\t\t\t\t<div class=\"elementor-widget-container\">\n\t\t\t\t\t\t\t\t\t<h1 class=\"style9\">CONTACTEZ-NOUS<\/h1>\n<p class=\"style9\">Adresse courriel :<br \/>\n<a href=\"mailto:erikjvanbercum@gmail.com\">erikjvanbercum@gmail.com<\/a><\/p>\n<p class=\"style9\">Adresse:<br \/>\n1255 Route des Bois de Cournedelle<br \/>\nLa Fayolle<br \/>\n24300 Javerlhac et la Chapelle St. Robert<\/p>\n<p>T\u00e9l.: <a href=\"tel:+33553569128\">+33 (0)5 53 56 91 28<\/a><\/p>\n\t\t\t\t\t\t\t\t<\/div>\n\t\t\t\t<\/div>\n\t\t\t\t\t<\/div>\n\t\t<\/div>\n\t\t\t\t<div class=\"elementor-column elementor-col-50 elementor-top-column elementor-element elementor-element-08d776f\" data-id=\"08d776f\" data-element_type=\"column\" data-e-type=\"column\">\n\t\t\t<div class=\"elementor-widget-wrap elementor-element-populated\">\n\t\t\t\t\t\t<div class=\"elementor-element elementor-element-32a819f elementor-widget elementor-widget-text-editor\" data-id=\"32a819f\" data-element_type=\"widget\" data-e-type=\"widget\" data-widget_type=\"text-editor.default\">\n\t\t\t\t<div class=\"elementor-widget-container\">\n\t\t\t\t\t\t\t\t\t<h1 class=\"style12\">A VENDRE<\/h1>\n<p><span class=\"style10\"><span class=\"style11\">C\u2019est clair que presque tous les tableaux pr\u00e9sent\u00e9s sont \u00e0 vendre.<br \/>\n<\/span><span class=\"style11\">Quelque tableaux comptent parmi la collection priv\u00e9e. Plusieurs tableaux pr\u00e9sent\u00e9s sont en possession de clients ou d\u2019acheteurs sur des expositions.<br \/>\nSi vous \u00eates int\u00e9ress\u00e9, je vous invite avec plaisir \u00e0 me contacter.<\/span><\/span><\/p>\n\t\t\t\t\t\t\t\t<\/div>\n\t\t\t\t<\/div>\n\t\t\t\t\t<\/div>\n\t\t<\/div>\n\t\t\t\t\t<\/div>\n\t\t<\/section>\n\t\t\t\t<\/div>\n\t\t","protected":false},"excerpt":{"rendered":"<p>CONTACTEZ-NOUS Adresse courriel : erikjvanbercum@gmail.com Adresse: 1255 Route des Bois de Cournedelle La Fayolle 24300 Javerlhac et la Chapelle St. Robert T\u00e9l.: +33 (0)5 53 56 91 28 A VENDRE C\u2019est clair que presque tous les tableaux pr\u00e9sent\u00e9s sont \u00e0 vendre. Quelque tableaux comptent parmi la collection priv\u00e9e. Plusieurs tableaux pr\u00e9sent\u00e9s sont en possession de [&hellip;]<\/p>\n","protected":false},"author":1,"featured_media":0,"parent":0,"menu_order":0,"comment_status":"closed","ping_status":"closed","template":"","meta":{"_acf_changed":false,"footnotes":""},"class_list":["post-1263","page","type-page","status-publish","hentry"],"acf":[],"yoast_head":"<!-- This site is optimized with the Yoast SEO plugin v27.5 - https:\/\/yoast.com\/product\/yoast-seo-wordpress\/ -->\n<title>Contact - Erik J van Bercum<\/title>\n<meta name=\"robots\" content=\"index, follow, max-snippet:-1, max-image-preview:large, max-video-preview:-1\" \/>\n<link rel=\"canonical\" href=\"https:\/\/erikjvanbercum.com\/fr\/contact\/\" \/>\n<meta property=\"og:locale\" content=\"fr_FR\" \/>\n<meta property=\"og:type\" content=\"article\" \/>\n<meta property=\"og:title\" content=\"Contact - Erik J van Bercum\" \/>\n<meta property=\"og:description\" content=\"CONTACTEZ-NOUS Adresse courriel : erikjvanbercum@gmail.com Adresse: 1255 Route des Bois de Cournedelle La Fayolle 24300 Javerlhac et la Chapelle St. Robert T\u00e9l.: +33 (0)5 53 56 91 28 A VENDRE C\u2019est clair que presque tous les tableaux pr\u00e9sent\u00e9s sont \u00e0 vendre. Quelque tableaux comptent parmi la collection priv\u00e9e. Plusieurs tableaux pr\u00e9sent\u00e9s sont en possession de [&hellip;]\" \/>\n<meta property=\"og:url\" content=\"https:\/\/erikjvanbercum.com\/fr\/contact\/\" \/>\n<meta property=\"og:site_name\" content=\"Erik J van Bercum\" \/>\n<meta property=\"article:modified_time\" content=\"2023-03-10T08:48:30+00:00\" \/>\n<meta name=\"twitter:card\" content=\"summary_large_image\" \/>\n<script type=\"application\/ld+json\" class=\"yoast-schema-graph\">{\"@context\":\"https:\\\/\\\/schema.org\",\"@graph\":[{\"@type\":\"WebPage\",\"@id\":\"https:\\\/\\\/erikjvanbercum.com\\\/fr\\\/contact\\\/\",\"url\":\"https:\\\/\\\/erikjvanbercum.com\\\/fr\\\/contact\\\/\",\"name\":\"Contact - Erik J van Bercum\",\"isPartOf\":{\"@id\":\"https:\\\/\\\/erikjvanbercum.com\\\/fr\\\/#website\"},\"datePublished\":\"2021-02-09T16:56:27+00:00\",\"dateModified\":\"2023-03-10T08:48:30+00:00\",\"breadcrumb\":{\"@id\":\"https:\\\/\\\/erikjvanbercum.com\\\/fr\\\/contact\\\/#breadcrumb\"},\"inLanguage\":\"fr-FR\",\"potentialAction\":[{\"@type\":\"ReadAction\",\"target\":[\"https:\\\/\\\/erikjvanbercum.com\\\/fr\\\/contact\\\/\"]}]},{\"@type\":\"BreadcrumbList\",\"@id\":\"https:\\\/\\\/erikjvanbercum.com\\\/fr\\\/contact\\\/#breadcrumb\",\"itemListElement\":[{\"@type\":\"ListItem\",\"position\":1,\"name\":\"Home\",\"item\":\"https:\\\/\\\/erikjvanbercum.com\\\/fr\\\/\"},{\"@type\":\"ListItem\",\"position\":2,\"name\":\"Contact\"}]},{\"@type\":\"WebSite\",\"@id\":\"https:\\\/\\\/erikjvanbercum.com\\\/fr\\\/#website\",\"url\":\"https:\\\/\\\/erikjvanbercum.com\\\/fr\\\/\",\"name\":\"Erik J van Bercum\",\"description\":\"schilderijen en aquarellen\",\"potentialAction\":[{\"@type\":\"SearchAction\",\"target\":{\"@type\":\"EntryPoint\",\"urlTemplate\":\"https:\\\/\\\/erikjvanbercum.com\\\/fr\\\/?s={search_term_string}\"},\"query-input\":{\"@type\":\"PropertyValueSpecification\",\"valueRequired\":true,\"valueName\":\"search_term_string\"}}],\"inLanguage\":\"fr-FR\"}]}<\/script>\n<!-- \/ Yoast SEO plugin. -->","yoast_head_json":{"title":"Contact - Erik J van Bercum","robots":{"index":"index","follow":"follow","max-snippet":"max-snippet:-1","max-image-preview":"max-image-preview:large","max-video-preview":"max-video-preview:-1"},"canonical":"https:\/\/erikjvanbercum.com\/fr\/contact\/","og_locale":"fr_FR","og_type":"article","og_title":"Contact - Erik J van Bercum","og_description":"CONTACTEZ-NOUS Adresse courriel : erikjvanbercum@gmail.com Adresse: 1255 Route des Bois de Cournedelle La Fayolle 24300 Javerlhac et la Chapelle St. Robert T\u00e9l.: +33 (0)5 53 56 91 28 A VENDRE C\u2019est clair que presque tous les tableaux pr\u00e9sent\u00e9s sont \u00e0 vendre. Quelque tableaux comptent parmi la collection priv\u00e9e. Plusieurs tableaux pr\u00e9sent\u00e9s sont en possession de [&hellip;]","og_url":"https:\/\/erikjvanbercum.com\/fr\/contact\/","og_site_name":"Erik J van Bercum","article_modified_time":"2023-03-10T08:48:30+00:00","twitter_card":"summary_large_image","schema":{"@context":"https:\/\/schema.org","@graph":[{"@type":"WebPage","@id":"https:\/\/erikjvanbercum.com\/fr\/contact\/","url":"https:\/\/erikjvanbercum.com\/fr\/contact\/","name":"Contact - Erik J van Bercum","isPartOf":{"@id":"https:\/\/erikjvanbercum.com\/fr\/#website"},"datePublished":"2021-02-09T16:56:27+00:00","dateModified":"2023-03-10T08:48:30+00:00","breadcrumb":{"@id":"https:\/\/erikjvanbercum.com\/fr\/contact\/#breadcrumb"},"inLanguage":"fr-FR","potentialAction":[{"@type":"ReadAction","target":["https:\/\/erikjvanbercum.com\/fr\/contact\/"]}]},{"@type":"BreadcrumbList","@id":"https:\/\/erikjvanbercum.com\/fr\/contact\/#breadcrumb","itemListElement":[{"@type":"ListItem","position":1,"name":"Home","item":"https:\/\/erikjvanbercum.com\/fr\/"},{"@type":"ListItem","position":2,"name":"Contact"}]},{"@type":"WebSite","@id":"https:\/\/erikjvanbercum.com\/fr\/#website","url":"https:\/\/erikjvanbercum.com\/fr\/","name":"Erik J van Bercum","description":"schilderijen en aquarellen","potentialAction":[{"@type":"SearchAction","target":{"@type":"EntryPoint","urlTemplate":"https:\/\/erikjvanbercum.com\/fr\/?s={search_term_string}"},"query-input":{"@type":"PropertyValueSpecification","valueRequired":true,"valueName":"search_term_string"}}],"inLanguage":"fr-FR"}]}},"_links":{"self":[{"href":"https:\/\/erikjvanbercum.com\/fr\/wp-json\/wp\/v2\/pages\/1263","targetHints":{"allow":["GET"]}}],"collection":[{"href":"https:\/\/erikjvanbercum.com\/fr\/wp-json\/wp\/v2\/pages"}],"about":[{"href":"https:\/\/erikjvanbercum.com\/fr\/wp-json\/wp\/v2\/types\/page"}],"author":[{"embeddable":true,"href":"https:\/\/erikjvanbercum.com\/fr\/wp-json\/wp\/v2\/users\/1"}],"replies":[{"embeddable":true,"href":"https:\/\/erikjvanbercum.com\/fr\/wp-json\/wp\/v2\/comments?post=1263"}],"version-history":[{"count":4,"href":"https:\/\/erikjvanbercum.com\/fr\/wp-json\/wp\/v2\/pages\/1263\/revisions"}],"predecessor-version":[{"id":1644,"href":"https:\/\/erikjvanbercum.com\/fr\/wp-json\/wp\/v2\/pages\/1263\/revisions\/1644"}],"wp:attachment":[{"href":"https:\/\/erikjvanbercum.com\/fr\/wp-json\/wp\/v2\/media?parent=1263"}],"curies":[{"name":"wp","href":"https:\/\/api.w.org\/{rel}","templated":true}]}}