{"id":1271,"date":"2021-02-09T16:58:54","date_gmt":"2021-02-09T16:58:54","guid":{"rendered":"https:\/\/erikjvanbercum.firmaproductie.nl\/home\/"},"modified":"2021-02-15T16:44:01","modified_gmt":"2021-02-15T16:44:01","slug":"home","status":"publish","type":"page","link":"https:\/\/erikjvanbercum.com\/fr\/","title":{"rendered":"Home"},"content":{"rendered":"\t\t<div data-elementor-type=\"wp-page\" data-elementor-id=\"1271\" class=\"elementor elementor-1271 elementor-246\" data-elementor-post-type=\"page\">\n\t\t\t\t\t\t<section class=\"elementor-section elementor-top-section elementor-element elementor-element-176eaeb elementor-section-stretched animated-slow elementor-section-boxed elementor-section-height-default elementor-section-height-default elementor-invisible\" data-id=\"176eaeb\" data-element_type=\"section\" data-e-type=\"section\" data-settings=\"{&quot;stretch_section&quot;:&quot;section-stretched&quot;,&quot;animation&quot;:&quot;fadeIn&quot;}\">\n\t\t\t\t\t\t<div class=\"elementor-container elementor-column-gap-wider\">\n\t\t\t\t\t<div class=\"elementor-column elementor-col-50 elementor-top-column elementor-element elementor-element-6561f10\" data-id=\"6561f10\" data-element_type=\"column\" data-e-type=\"column\">\n\t\t\t<div class=\"elementor-widget-wrap elementor-element-populated\">\n\t\t\t\t\t\t<div class=\"elementor-element elementor-element-7c5316c elementor-widget elementor-widget-image\" data-id=\"7c5316c\" data-element_type=\"widget\" data-e-type=\"widget\" data-widget_type=\"image.default\">\n\t\t\t\t<div class=\"elementor-widget-container\">\n\t\t\t\t\t\t\t\t\t\t\t\t\t\t\t<img fetchpriority=\"high\" decoding=\"async\" width=\"508\" height=\"507\" src=\"https:\/\/erikjvanbercum.com\/wp-content\/uploads\/home-portret.jpg\" class=\"attachment-large size-large wp-image-695\" alt=\"\" srcset=\"https:\/\/erikjvanbercum.com\/wp-content\/uploads\/home-portret.jpg 508w, https:\/\/erikjvanbercum.com\/wp-content\/uploads\/home-portret-300x300.jpg 300w, https:\/\/erikjvanbercum.com\/wp-content\/uploads\/home-portret-150x150.jpg 150w\" sizes=\"(max-width: 508px) 100vw, 508px\" \/>\t\t\t\t\t\t\t\t\t\t\t\t\t\t\t<\/div>\n\t\t\t\t<\/div>\n\t\t\t\t\t<\/div>\n\t\t<\/div>\n\t\t\t\t<div class=\"elementor-column elementor-col-50 elementor-top-column elementor-element elementor-element-7620267\" data-id=\"7620267\" data-element_type=\"column\" data-e-type=\"column\">\n\t\t\t<div class=\"elementor-widget-wrap elementor-element-populated\">\n\t\t\t\t\t\t<div class=\"elementor-element elementor-element-2a7e64b elementor-widget elementor-widget-text-editor\" data-id=\"2a7e64b\" data-element_type=\"widget\" data-e-type=\"widget\" data-widget_type=\"text-editor.default\">\n\t\t\t\t<div class=\"elementor-widget-container\">\n\t\t\t\t\t\t\t\t\t<h1>BIENVENUE SUR MON SITE!<\/h1>\n<p class=\"style10\"><span class=\"style10\">Sur ce site vous faites la connaissance de mes tableaux.<br \/>\n<\/span><span class=\"style8\">Comme vous pouvez le constater, je travaille avec des materiaux diff\u00e9rents. Les th\u00e8mes sont \u00e9vidents. Quelquefois je repr\u00e9sente des vues urbaines, d\u2019autre fois, des vues de la nature, mais je suis en permanence fascin\u00e9 par les gens.<br \/>\n<\/span><span class=\"style8\">Ce n\u2019est pas v\u00e9ritable surprenant car mes \u00e9tudes (Beaux Arts (modelage publicit\u00e9) et les Sciences Sociales) contribuent \u00e0 sensibilit\u00e9 humaine, objet de mes \u00e9tudes. La premi\u00e8re: influence et tentation; la deuxi\u00e8me: formation et d\u00e9veloppement des possibilit\u00e9s et du talent. Dans plusieurs m\u00e9tiers j\u2019ai pu contribuer aux deux.<br \/>\nLes gens sont v\u00e9ritablement beaux et uniques. C\u2019est pourquoi le portrait est souvent central dans mes tableaux. C\u2019est un d\u00e9fi permanent de reproduire la personnalit\u00e9 et les caract\u00e9ristiques du mod\u00e8le sur la toile. Le dialogue avec la peinture et le pinceau reste le processus de creation le plus entra\u00eenant. Avec chaque tableau je mets un pas dans ma propre \u00e9volution de la technique et du style.<br \/>\n<\/span><span class=\"style8\">Que de privil\u00e8ge!<\/span><\/p>\n<p class=\"style10\">Erik J. van Bercum<br \/>\nAtelier \u00ab\u00a0Lou Barakou\u00a0\u00bb<\/p>\n\t\t\t\t\t\t\t\t<\/div>\n\t\t\t\t<\/div>\n\t\t\t\t\t<\/div>\n\t\t<\/div>\n\t\t\t\t\t<\/div>\n\t\t<\/section>\n\t\t\t\t<\/div>\n\t\t","protected":false},"excerpt":{"rendered":"<p>BIENVENUE SUR MON SITE! Sur ce site vous faites la connaissance de mes tableaux. Comme vous pouvez le constater, je travaille avec des materiaux diff\u00e9rents. Les th\u00e8mes sont \u00e9vidents. Quelquefois je repr\u00e9sente des vues urbaines, d\u2019autre fois, des vues de la nature, mais je suis en permanence fascin\u00e9 par les gens. Ce n\u2019est pas v\u00e9ritable [&hellip;]<\/p>\n","protected":false},"author":1,"featured_media":0,"parent":0,"menu_order":0,"comment_status":"closed","ping_status":"closed","template":"elementor_header_footer","meta":{"_acf_changed":false,"footnotes":""},"class_list":["post-1271","page","type-page","status-publish","hentry"],"acf":[],"yoast_head":"<!-- This site is optimized with the Yoast SEO plugin v27.4 - https:\/\/yoast.com\/product\/yoast-seo-wordpress\/ -->\n<title>Home - Erik J van Bercum<\/title>\n<meta name=\"robots\" content=\"index, follow, max-snippet:-1, max-image-preview:large, max-video-preview:-1\" \/>\n<link rel=\"canonical\" href=\"https:\/\/erikjvanbercum.com\/fr\/\" \/>\n<meta property=\"og:locale\" content=\"fr_FR\" \/>\n<meta property=\"og:type\" content=\"article\" \/>\n<meta property=\"og:title\" content=\"Home - Erik J van Bercum\" \/>\n<meta property=\"og:description\" content=\"BIENVENUE SUR MON SITE! Sur ce site vous faites la connaissance de mes tableaux. Comme vous pouvez le constater, je travaille avec des materiaux diff\u00e9rents. Les th\u00e8mes sont \u00e9vidents. Quelquefois je repr\u00e9sente des vues urbaines, d\u2019autre fois, des vues de la nature, mais je suis en permanence fascin\u00e9 par les gens. Ce n\u2019est pas v\u00e9ritable [&hellip;]\" \/>\n<meta property=\"og:url\" content=\"https:\/\/erikjvanbercum.com\/fr\/\" \/>\n<meta property=\"og:site_name\" content=\"Erik J van Bercum\" \/>\n<meta property=\"article:modified_time\" content=\"2021-02-15T16:44:01+00:00\" \/>\n<meta property=\"og:image\" content=\"https:\/\/erikjvanbercum.com\/wp-content\/uploads\/home-portret.jpg\" \/>\n<meta name=\"twitter:card\" content=\"summary_large_image\" \/>\n<meta name=\"twitter:label1\" content=\"Dur\u00e9e de lecture estim\u00e9e\" \/>\n\t<meta name=\"twitter:data1\" content=\"1 minute\" \/>\n<script type=\"application\/ld+json\" class=\"yoast-schema-graph\">{\"@context\":\"https:\\\/\\\/schema.org\",\"@graph\":[{\"@type\":\"WebPage\",\"@id\":\"https:\\\/\\\/erikjvanbercum.com\\\/fr\\\/\",\"url\":\"https:\\\/\\\/erikjvanbercum.com\\\/fr\\\/\",\"name\":\"Home - Erik J van Bercum\",\"isPartOf\":{\"@id\":\"https:\\\/\\\/erikjvanbercum.com\\\/fr\\\/#website\"},\"primaryImageOfPage\":{\"@id\":\"https:\\\/\\\/erikjvanbercum.com\\\/fr\\\/#primaryimage\"},\"image\":{\"@id\":\"https:\\\/\\\/erikjvanbercum.com\\\/fr\\\/#primaryimage\"},\"thumbnailUrl\":\"https:\\\/\\\/erikjvanbercum.com\\\/wp-content\\\/uploads\\\/home-portret.jpg\",\"datePublished\":\"2021-02-09T16:58:54+00:00\",\"dateModified\":\"2021-02-15T16:44:01+00:00\",\"breadcrumb\":{\"@id\":\"https:\\\/\\\/erikjvanbercum.com\\\/fr\\\/#breadcrumb\"},\"inLanguage\":\"fr-FR\",\"potentialAction\":[{\"@type\":\"ReadAction\",\"target\":[\"https:\\\/\\\/erikjvanbercum.com\\\/fr\\\/\"]}]},{\"@type\":\"ImageObject\",\"inLanguage\":\"fr-FR\",\"@id\":\"https:\\\/\\\/erikjvanbercum.com\\\/fr\\\/#primaryimage\",\"url\":\"https:\\\/\\\/erikjvanbercum.com\\\/wp-content\\\/uploads\\\/home-portret.jpg\",\"contentUrl\":\"https:\\\/\\\/erikjvanbercum.com\\\/wp-content\\\/uploads\\\/home-portret.jpg\"},{\"@type\":\"BreadcrumbList\",\"@id\":\"https:\\\/\\\/erikjvanbercum.com\\\/fr\\\/#breadcrumb\",\"itemListElement\":[{\"@type\":\"ListItem\",\"position\":1,\"name\":\"Home\",\"item\":\"https:\\\/\\\/erikjvanbercum.com\\\/fr\\\/\"},{\"@type\":\"ListItem\",\"position\":2,\"name\":\"Home\"}]},{\"@type\":\"WebSite\",\"@id\":\"https:\\\/\\\/erikjvanbercum.com\\\/fr\\\/#website\",\"url\":\"https:\\\/\\\/erikjvanbercum.com\\\/fr\\\/\",\"name\":\"Erik J van Bercum\",\"description\":\"schilderijen en aquarellen\",\"potentialAction\":[{\"@type\":\"SearchAction\",\"target\":{\"@type\":\"EntryPoint\",\"urlTemplate\":\"https:\\\/\\\/erikjvanbercum.com\\\/fr\\\/?s={search_term_string}\"},\"query-input\":{\"@type\":\"PropertyValueSpecification\",\"valueRequired\":true,\"valueName\":\"search_term_string\"}}],\"inLanguage\":\"fr-FR\"}]}<\/script>\n<!-- \/ Yoast SEO plugin. -->","yoast_head_json":{"title":"Home - Erik J van Bercum","robots":{"index":"index","follow":"follow","max-snippet":"max-snippet:-1","max-image-preview":"max-image-preview:large","max-video-preview":"max-video-preview:-1"},"canonical":"https:\/\/erikjvanbercum.com\/fr\/","og_locale":"fr_FR","og_type":"article","og_title":"Home - Erik J van Bercum","og_description":"BIENVENUE SUR MON SITE! Sur ce site vous faites la connaissance de mes tableaux. Comme vous pouvez le constater, je travaille avec des materiaux diff\u00e9rents. Les th\u00e8mes sont \u00e9vidents. Quelquefois je repr\u00e9sente des vues urbaines, d\u2019autre fois, des vues de la nature, mais je suis en permanence fascin\u00e9 par les gens. Ce n\u2019est pas v\u00e9ritable [&hellip;]","og_url":"https:\/\/erikjvanbercum.com\/fr\/","og_site_name":"Erik J van Bercum","article_modified_time":"2021-02-15T16:44:01+00:00","og_image":[{"url":"https:\/\/erikjvanbercum.com\/wp-content\/uploads\/home-portret.jpg","type":"","width":"","height":""}],"twitter_card":"summary_large_image","twitter_misc":{"Dur\u00e9e de lecture estim\u00e9e":"1 minute"},"schema":{"@context":"https:\/\/schema.org","@graph":[{"@type":"WebPage","@id":"https:\/\/erikjvanbercum.com\/fr\/","url":"https:\/\/erikjvanbercum.com\/fr\/","name":"Home - Erik J van Bercum","isPartOf":{"@id":"https:\/\/erikjvanbercum.com\/fr\/#website"},"primaryImageOfPage":{"@id":"https:\/\/erikjvanbercum.com\/fr\/#primaryimage"},"image":{"@id":"https:\/\/erikjvanbercum.com\/fr\/#primaryimage"},"thumbnailUrl":"https:\/\/erikjvanbercum.com\/wp-content\/uploads\/home-portret.jpg","datePublished":"2021-02-09T16:58:54+00:00","dateModified":"2021-02-15T16:44:01+00:00","breadcrumb":{"@id":"https:\/\/erikjvanbercum.com\/fr\/#breadcrumb"},"inLanguage":"fr-FR","potentialAction":[{"@type":"ReadAction","target":["https:\/\/erikjvanbercum.com\/fr\/"]}]},{"@type":"ImageObject","inLanguage":"fr-FR","@id":"https:\/\/erikjvanbercum.com\/fr\/#primaryimage","url":"https:\/\/erikjvanbercum.com\/wp-content\/uploads\/home-portret.jpg","contentUrl":"https:\/\/erikjvanbercum.com\/wp-content\/uploads\/home-portret.jpg"},{"@type":"BreadcrumbList","@id":"https:\/\/erikjvanbercum.com\/fr\/#breadcrumb","itemListElement":[{"@type":"ListItem","position":1,"name":"Home","item":"https:\/\/erikjvanbercum.com\/fr\/"},{"@type":"ListItem","position":2,"name":"Home"}]},{"@type":"WebSite","@id":"https:\/\/erikjvanbercum.com\/fr\/#website","url":"https:\/\/erikjvanbercum.com\/fr\/","name":"Erik J van Bercum","description":"schilderijen en aquarellen","potentialAction":[{"@type":"SearchAction","target":{"@type":"EntryPoint","urlTemplate":"https:\/\/erikjvanbercum.com\/fr\/?s={search_term_string}"},"query-input":{"@type":"PropertyValueSpecification","valueRequired":true,"valueName":"search_term_string"}}],"inLanguage":"fr-FR"}]}},"_links":{"self":[{"href":"https:\/\/erikjvanbercum.com\/fr\/wp-json\/wp\/v2\/pages\/1271","targetHints":{"allow":["GET"]}}],"collection":[{"href":"https:\/\/erikjvanbercum.com\/fr\/wp-json\/wp\/v2\/pages"}],"about":[{"href":"https:\/\/erikjvanbercum.com\/fr\/wp-json\/wp\/v2\/types\/page"}],"author":[{"embeddable":true,"href":"https:\/\/erikjvanbercum.com\/fr\/wp-json\/wp\/v2\/users\/1"}],"replies":[{"embeddable":true,"href":"https:\/\/erikjvanbercum.com\/fr\/wp-json\/wp\/v2\/comments?post=1271"}],"version-history":[{"count":0,"href":"https:\/\/erikjvanbercum.com\/fr\/wp-json\/wp\/v2\/pages\/1271\/revisions"}],"wp:attachment":[{"href":"https:\/\/erikjvanbercum.com\/fr\/wp-json\/wp\/v2\/media?parent=1271"}],"curies":[{"name":"wp","href":"https:\/\/api.w.org\/{rel}","templated":true}]}}